{"id":19,"date":"2023-10-30T17:00:27","date_gmt":"2023-10-30T17:00:27","guid":{"rendered":"https:\/\/www.inter-nos.biz\/?page_id=19"},"modified":"2025-09-22T21:14:57","modified_gmt":"2025-09-22T19:14:57","slug":"reference","status":"publish","type":"page","link":"https:\/\/www.inter-nos.biz\/?page_id=19","title":{"rendered":"Reference"},"content":{"rendered":"\n<p><strong>Dosada\u0161nji klijenti:<\/strong> Siku-teh d.o.o., Op\u0107ina Podturen, Op\u0107ina Dekanovec, Op\u0107ina \u0160enkovec, Hrvatska narodna stranka Me\u0111imurske \u017eupanije, Lepen d.o.o., Udruga Pelud.net, Hrvatska kulturna umjetni\u010dka udruga Sveti Martin, Javna ustanova za upravljanje za\u0161ti\u0107enim prirodnim vrijednostima na podru\u010dju Me\u0111imurske \u017eupanije, Figa d.o.o., Forum lije\u010dnika obiteljske medicine Medjimurja, Hrvatska udruga nastavnika povijesti, HNS Selnica, HNS \u0160enkovec, Legura d.o.o., Op\u0107ina Erdut, Op\u0107ina Krnjak, Miscea Hrvatska, Povijesno dru\u0161tvo Me\u0111imurske \u017eupanije, Teta Dokica, Udruga Spu\u017eva, Udruga za edukaciju i promicanje ljudskih prava, \u017danina Bili\u0107, Dragan Bili\u0107, Zlatni retriver, Branimir Bunjac, Srednja Europa d.o.o., Vila Antonio, Luka Mo\u0161katelo, ZEO Nobilis, VSP video Dubrovnik, Spomenko Cunj, Sportsko rekreativno dru\u0161tvo Fitbeat, Foto Video Lupus, Neckermann katalo\u0161ka prodaja d.o.o., ReplikArt, Veseli Du\u0107an, Autoprijevoz \u0160uker, Kozmeti\u010dki salon Kala, Zavod za kontrolu kvalitete i conzulting d.o.o., ByGreen j.d.o.o, Osnovna \u0161kola dr. Jure Turi\u0107a Gospi\u0107, Festival tolerancije, Profil Klett d.o.o., <a href=\"http:\/\/www.zlprck.hr\/\">\u017dupanijska liga protiv raka \u010cakove<\/a>c, HERMES, <a href=\"https:\/\/edukacije.com.hr\/\" target=\"_blank\" rel=\"noreferrer noopener\">Centar za digitalno u\u010denje i usavr\u0161avanje<\/a>, <a href=\"https:\/\/povijest.net\/ca\/\" target=\"_blank\" rel=\"noreferrer noopener\">Clionaut Akademija<\/a>, <a href=\"https:\/\/murania.eu\/\" target=\"_blank\" rel=\"noreferrer noopener\">Murania<\/a>&#8230;<\/p>\n","protected":false},"excerpt":{"rendered":"<p>Dosada\u0161nji klijenti: Siku-teh d.o.o., Op\u0107ina Podturen, Op\u0107ina Dekanovec, Op\u0107ina \u0160enkovec, Hrvatska narodna stranka Me\u0111imurske \u017eupanije, Lepen d.o.o., Udruga Pelud.net, Hrvatska kulturna umjetni\u010dka udruga Sveti Martin, Javna ustanova za upravljanje za\u0161ti\u0107enim prirodnim vrijednostima na podru\u010dju Me\u0111imurske \u017eupanije, Figa d.o.o., Forum lije\u010dnika obiteljske medicine Medjimurja, Hrvatska udruga nastavnika povijesti, HNS Selnica, HNS \u0160enkovec, Legura d.o.o., Op\u0107ina Erdut,&hellip; <a class=\"more-link\" href=\"https:\/\/www.inter-nos.biz\/?page_id=19\">Nastavi \u010ditati <span class=\"screen-reader-text\">Reference<\/span><\/a><\/p>\n","protected":false},"author":1,"featured_media":47,"parent":8,"menu_order":0,"comment_status":"closed","ping_status":"closed","template":"","meta":{"footnotes":""},"class_list":["post-19","page","type-page","status-publish","has-post-thumbnail","hentry","entry"],"_links":{"self":[{"href":"https:\/\/www.inter-nos.biz\/index.php?rest_route=\/wp\/v2\/pages\/19"}],"collection":[{"href":"https:\/\/www.inter-nos.biz\/index.php?rest_route=\/wp\/v2\/pages"}],"about":[{"href":"https:\/\/www.inter-nos.biz\/index.php?rest_route=\/wp\/v2\/types\/page"}],"author":[{"embeddable":true,"href":"https:\/\/www.inter-nos.biz\/index.php?rest_route=\/wp\/v2\/users\/1"}],"replies":[{"embeddable":true,"href":"https:\/\/www.inter-nos.biz\/index.php?rest_route=%2Fwp%2Fv2%2Fcomments&post=19"}],"version-history":[{"count":7,"href":"https:\/\/www.inter-nos.biz\/index.php?rest_route=\/wp\/v2\/pages\/19\/revisions"}],"predecessor-version":[{"id":75,"href":"https:\/\/www.inter-nos.biz\/index.php?rest_route=\/wp\/v2\/pages\/19\/revisions\/75"}],"up":[{"embeddable":true,"href":"https:\/\/www.inter-nos.biz\/index.php?rest_route=\/wp\/v2\/pages\/8"}],"wp:featuredmedia":[{"embeddable":true,"href":"https:\/\/www.inter-nos.biz\/index.php?rest_route=\/wp\/v2\/media\/47"}],"wp:attachment":[{"href":"https:\/\/www.inter-nos.biz\/index.php?rest_route=%2Fwp%2Fv2%2Fmedia&parent=19"}],"curies":[{"name":"wp","href":"https:\/\/api.w.org\/{rel}","templated":true}]}}