{"id":8,"date":"2023-10-30T16:55:59","date_gmt":"2023-10-30T16:55:59","guid":{"rendered":"https:\/\/www.inter-nos.biz\/?page_id=8"},"modified":"2023-10-30T17:14:36","modified_gmt":"2023-10-30T17:14:36","slug":"o-obrtu-inter-nos","status":"publish","type":"page","link":"https:\/\/www.inter-nos.biz\/","title":{"rendered":"O obrtu Inter nos"},"content":{"rendered":"\n<p>Obrt Inter nos pokrenuo je <a href=\"https:\/\/hajdarovic.com\/\">Miljenko Hajdarovi\u0107<\/a> u prolje\u0107e 2006. godine.<\/p>\n\n\n\n<p>Registrirane djelatnosti su (prema NKD 2007):<\/p>\n\n\n\n<p>73.11 \u2013 agencije za promid\u017ebu (reklamu i propagandu)<br>62.01 \u2013 ra\u010dunalno programiranje (prete\u017eita djelatnost)<br>47.89 \u2013 trgovina na malo ostalom robom na \u0161tandovima i tr\u017enicama<br>72.20 \u2013 istra\u017eivanje i eksperimentalni razvoj u dru\u0161tvenim i humanisti\u010dkim znanostima<br>62.02 \u2013 savjetovanje u vezi s ra\u010dunalima<br>63.11 \u2013 obrada podataka, usluge poslu\u017eitelja i djelatnosti povezane s njima<br>63.12 \u2013 internetski portali<br>82.30 \u2013 organizacija sastanaka i poslovnih sajmova<br><strong>85.60 \u2013 pomo\u0107ne uslu\u017ene djelatnosti u obrazovanju<\/strong><\/p>\n","protected":false},"excerpt":{"rendered":"<p>Obrt Inter nos pokrenuo je Miljenko Hajdarovi\u0107 u prolje\u0107e 2006. godine. Registrirane djelatnosti su (prema NKD 2007): 73.11 \u2013 agencije za promid\u017ebu (reklamu i propagandu)62.01 \u2013 ra\u010dunalno programiranje (prete\u017eita djelatnost)47.89 \u2013 trgovina na malo ostalom robom na \u0161tandovima i tr\u017enicama72.20 \u2013 istra\u017eivanje i eksperimentalni razvoj u dru\u0161tvenim i humanisti\u010dkim znanostima62.02 \u2013 savjetovanje u vezi s&hellip; <a class=\"more-link\" href=\"https:\/\/www.inter-nos.biz\/\">Nastavi \u010ditati <span class=\"screen-reader-text\">O obrtu Inter nos<\/span><\/a><\/p>\n","protected":false},"author":1,"featured_media":26,"parent":0,"menu_order":0,"comment_status":"closed","ping_status":"closed","template":"","meta":{"footnotes":""},"class_list":["post-8","page","type-page","status-publish","has-post-thumbnail","hentry","entry"],"_links":{"self":[{"href":"https:\/\/www.inter-nos.biz\/index.php?rest_route=\/wp\/v2\/pages\/8"}],"collection":[{"href":"https:\/\/www.inter-nos.biz\/index.php?rest_route=\/wp\/v2\/pages"}],"about":[{"href":"https:\/\/www.inter-nos.biz\/index.php?rest_route=\/wp\/v2\/types\/page"}],"author":[{"embeddable":true,"href":"https:\/\/www.inter-nos.biz\/index.php?rest_route=\/wp\/v2\/users\/1"}],"replies":[{"embeddable":true,"href":"https:\/\/www.inter-nos.biz\/index.php?rest_route=%2Fwp%2Fv2%2Fcomments&post=8"}],"version-history":[{"count":2,"href":"https:\/\/www.inter-nos.biz\/index.php?rest_route=\/wp\/v2\/pages\/8\/revisions"}],"predecessor-version":[{"id":11,"href":"https:\/\/www.inter-nos.biz\/index.php?rest_route=\/wp\/v2\/pages\/8\/revisions\/11"}],"wp:featuredmedia":[{"embeddable":true,"href":"https:\/\/www.inter-nos.biz\/index.php?rest_route=\/wp\/v2\/media\/26"}],"wp:attachment":[{"href":"https:\/\/www.inter-nos.biz\/index.php?rest_route=%2Fwp%2Fv2%2Fmedia&parent=8"}],"curies":[{"name":"wp","href":"https:\/\/api.w.org\/{rel}","templated":true}]}}